{"id":2143,"date":"2021-05-15T12:45:33","date_gmt":"2021-05-15T12:45:33","guid":{"rendered":"https:\/\/www.dovcik.sk\/?page_id=2143"},"modified":"2021-05-15T16:51:39","modified_gmt":"2021-05-15T16:51:39","slug":"spravca-pocitacovych-sieti-a-kamerovych-systemov","status":"publish","type":"page","link":"https:\/\/www.dovcik.sk\/","title":{"rendered":"Spr\u00e1vca po\u010dita\u010dov\u00fdch sieti a kamerov\u00fdch syst\u00e9mov"},"content":{"rendered":"\n<div class=\"wp-container-1 wp-block-group\"><div class=\"wp-block-group__inner-container\"><\/div><\/div>\n\n\n\n<h2 class=\"has-text-align-center\">Spr\u00e1va po\u010d\u00edta\u010dov\u00fdch sieti <\/h2>\n\n\n\n<div class=\"wp-block-image\"><figure class=\"aligncenter size-large is-resized\"><img loading=\"lazy\" src=\"https:\/\/www.dovcik.sk\/wp-content\/uploads\/2021\/05\/PC-1-1024x543.jpg\" alt=\"\" class=\"wp-image-2206\" width=\"512\" height=\"272\" srcset=\"https:\/\/www.dovcik.sk\/wp-content\/uploads\/2021\/05\/PC-1-1024x543.jpg 1024w, https:\/\/www.dovcik.sk\/wp-content\/uploads\/2021\/05\/PC-1-300x159.jpg 300w, https:\/\/www.dovcik.sk\/wp-content\/uploads\/2021\/05\/PC-1-768x407.jpg 768w, https:\/\/www.dovcik.sk\/wp-content\/uploads\/2021\/05\/PC-1-1536x814.jpg 1536w, https:\/\/www.dovcik.sk\/wp-content\/uploads\/2021\/05\/PC-1.jpg 1592w\" sizes=\"(max-width: 512px) 100vw, 512px\" \/><\/figure><\/div>\n\n\n\n<h2 class=\"has-text-align-center\">Spr\u00e1va kamerov\u00fdch syst\u00e9mov <\/h2>\n\n\n\n<div class=\"wp-block-image\"><figure class=\"aligncenter size-large is-resized\"><img loading=\"lazy\" src=\"https:\/\/www.dovcik.sk\/wp-content\/uploads\/2021\/05\/Kamera-edited.jpg\" alt=\"\" class=\"wp-image-2193\" width=\"523\" height=\"375\"\/><\/figure><\/div>\n\n\n\n<p><\/p>\n","protected":false},"excerpt":{"rendered":"<p>Spr\u00e1va po\u010d\u00edta\u010dov\u00fdch sieti Spr\u00e1va kamerov\u00fdch syst\u00e9mov<\/p>\n","protected":false},"author":1,"featured_media":0,"parent":0,"menu_order":1,"comment_status":"closed","ping_status":"closed","template":"","meta":[],"_links":{"self":[{"href":"https:\/\/www.dovcik.sk\/index.php?rest_route=\/wp\/v2\/pages\/2143"}],"collection":[{"href":"https:\/\/www.dovcik.sk\/index.php?rest_route=\/wp\/v2\/pages"}],"about":[{"href":"https:\/\/www.dovcik.sk\/index.php?rest_route=\/wp\/v2\/types\/page"}],"author":[{"embeddable":true,"href":"https:\/\/www.dovcik.sk\/index.php?rest_route=\/wp\/v2\/users\/1"}],"replies":[{"embeddable":true,"href":"https:\/\/www.dovcik.sk\/index.php?rest_route=%2Fwp%2Fv2%2Fcomments&post=2143"}],"version-history":[{"count":9,"href":"https:\/\/www.dovcik.sk\/index.php?rest_route=\/wp\/v2\/pages\/2143\/revisions"}],"predecessor-version":[{"id":2216,"href":"https:\/\/www.dovcik.sk\/index.php?rest_route=\/wp\/v2\/pages\/2143\/revisions\/2216"}],"wp:attachment":[{"href":"https:\/\/www.dovcik.sk\/index.php?rest_route=%2Fwp%2Fv2%2Fmedia&parent=2143"}],"curies":[{"name":"wp","href":"https:\/\/api.w.org\/{rel}","templated":true}]}}